{"id":382,"date":"2025-09-30T21:38:29","date_gmt":"2025-09-30T20:38:29","guid":{"rendered":"https:\/\/first-responder.at\/?page_id=382"},"modified":"2026-03-29T17:16:01","modified_gmt":"2026-03-29T16:16:01","slug":"news","status":"publish","type":"page","link":"https:\/\/first-responder.at\/?page_id=382","title":{"rendered":"NEWS"},"content":{"rendered":"\n<h2 class=\"wp-block-heading\"><strong>HELFEN TRAUEN erfolgreich in der Westfield SCS V\u00f6sendorf gestartet<\/strong><\/h2>\n\n\n\n<p>Kostenlos und quasi &#8222;im Vorbeigehen&#8220; k\u00fcmmern wir uns darum, dass das Wissen um die Basismassnahmen im Bereich Erste Hilfe bei der Bev\u00f6lkerung aufgefrischt werden. 80% der Bev\u00f6lkerung hatten zuletzt beim Erwerb des F\u00fchrerscheins Ber\u00fchung mit Erste-Hilfe-Kursen. Vieles ist vergessen. Vieles ist veraltet, teilweise sogar gef\u00e4hrliches Halbwissen. Das stellen wir in 5-10 Minuten richtig und schaffen so Selbstvertrauen bei den Menschen, sodass Sie sich in der Zukunft HELFEN TRAUEN.<\/p>\n\n\n\n<figure class=\"wp-block-image size-full\"><img loading=\"lazy\" decoding=\"async\" width=\"896\" height=\"931\" src=\"https:\/\/first-responder.at\/wp-content\/uploads\/2026\/03\/FRNOe-SCS_helfentrauen4.jpg\" alt=\"\" class=\"wp-image-423\" srcset=\"https:\/\/first-responder.at\/wp-content\/uploads\/2026\/03\/FRNOe-SCS_helfentrauen4.jpg 896w, https:\/\/first-responder.at\/wp-content\/uploads\/2026\/03\/FRNOe-SCS_helfentrauen4-289x300.jpg 289w, https:\/\/first-responder.at\/wp-content\/uploads\/2026\/03\/FRNOe-SCS_helfentrauen4-768x798.jpg 768w\" sizes=\"auto, (max-width: 896px) 100vw, 896px\" \/><\/figure>\n\n\n\n<p><\/p>\n\n\n\n<figure class=\"wp-block-image size-full\"><img loading=\"lazy\" decoding=\"async\" width=\"896\" height=\"927\" src=\"https:\/\/first-responder.at\/wp-content\/uploads\/2026\/03\/FRNOe-SCS_helfentrauen1.jpg\" alt=\"\" class=\"wp-image-424\" srcset=\"https:\/\/first-responder.at\/wp-content\/uploads\/2026\/03\/FRNOe-SCS_helfentrauen1.jpg 896w, https:\/\/first-responder.at\/wp-content\/uploads\/2026\/03\/FRNOe-SCS_helfentrauen1-290x300.jpg 290w, https:\/\/first-responder.at\/wp-content\/uploads\/2026\/03\/FRNOe-SCS_helfentrauen1-768x795.jpg 768w\" sizes=\"auto, (max-width: 896px) 100vw, 896px\" \/><\/figure>\n\n\n\n<p><\/p>\n\n\n\n<figure class=\"wp-block-image size-full\"><img loading=\"lazy\" decoding=\"async\" width=\"1792\" height=\"2400\" src=\"https:\/\/first-responder.at\/wp-content\/uploads\/2026\/03\/hf_20260131_120556_d83fda40-a546-43eb-8671-8d73c3c90b16.png\" alt=\"\" class=\"wp-image-425\" srcset=\"https:\/\/first-responder.at\/wp-content\/uploads\/2026\/03\/hf_20260131_120556_d83fda40-a546-43eb-8671-8d73c3c90b16.png 1792w, https:\/\/first-responder.at\/wp-content\/uploads\/2026\/03\/hf_20260131_120556_d83fda40-a546-43eb-8671-8d73c3c90b16-224x300.png 224w, https:\/\/first-responder.at\/wp-content\/uploads\/2026\/03\/hf_20260131_120556_d83fda40-a546-43eb-8671-8d73c3c90b16-765x1024.png 765w, https:\/\/first-responder.at\/wp-content\/uploads\/2026\/03\/hf_20260131_120556_d83fda40-a546-43eb-8671-8d73c3c90b16-768x1029.png 768w, https:\/\/first-responder.at\/wp-content\/uploads\/2026\/03\/hf_20260131_120556_d83fda40-a546-43eb-8671-8d73c3c90b16-1147x1536.png 1147w, https:\/\/first-responder.at\/wp-content\/uploads\/2026\/03\/hf_20260131_120556_d83fda40-a546-43eb-8671-8d73c3c90b16-1529x2048.png 1529w\" sizes=\"auto, (max-width: 1792px) 100vw, 1792px\" \/><figcaption class=\"wp-element-caption\">Miss Earth und Reality Sternchen ZOE M\u00dcLLNER unterst\u00fctze uns am 4. Aktionstag tatkr\u00e4ftig.<\/figcaption><\/figure>\n\n\n\n<br>\n<br>\n\n\n\n<h2 class=\"wp-block-heading\"><strong>GESUNDHEITSPAKT 2040+        Ein Pakt mit dem Teufel<\/strong><\/h2>\n\n\n\n<p>Unser Pr\u00e4sident hat bei &#8222;Ein Ort am Wort&#8220; in Ybbs fleissig mitdiskutiert. Unser Standpunkt ist, dass die Streichung von NEF-Standorten (Von 32 auf 21) der absolut falsche Weg ist. <\/p>\n\n\n\n<p>N\u00d6 hat 1,7 Mio Einwohner und wird in den n\u00e4chsten 15 Jahren wachsen. Der gesunde Menschenverstand sagt schon, dass hier eine Erh\u00f6hung der Notarzt-St\u00fctzpunkte sinnvoller w\u00e4re und auf keinen Fall eine Reduktion, gerade weil die pr\u00e4klinische Versorgung in einem fl\u00e4chenm\u00e4ssig so grossem Bundesland nach wie vor standortbezogene Gl\u00fcckssache ist. RTW-C werden nicht garantiert, sondern nur zu 60% im Dienst sein (Quelle: <a href=\"https:\/\/notrufnoe.com\/rtw-c\/\">https:\/\/notrufnoe.com\/rtw-c\/<\/a>)<\/p>\n\n\n\n<p>Man sollte meinen, das passiert aus Kostengr\u00fcnden. Stimmt nicht! Die Kosten f\u00fcr das Rettungswesen werden steigen. Notruf Nieder\u00f6sterreich profitiert durch 8 neue ACN-Standort (Acute Community Nurse) und wird ebenfalls ein First Responder Netzwerk aufbauen und unsere Idee kopieren. Der Unterschied wird nur sein, dass diese First Responder sicherlich verrechnet werden um so weiter Geld in die Kassen sp\u00fclen. <\/p>\n\n\n\n<p>Das Patientenwohl wird hintangestellt. Wirtschaftliche Interessen scheinen im Vordergrund zu stehen.<\/p>\n\n\n\n<figure class=\"wp-block-image size-large\"><img loading=\"lazy\" decoding=\"async\" width=\"1024\" height=\"573\" src=\"https:\/\/first-responder.at\/wp-content\/uploads\/2025\/09\/IMG_1201-1024x573.jpg\" alt=\"\" class=\"wp-image-383\" srcset=\"https:\/\/first-responder.at\/wp-content\/uploads\/2025\/09\/IMG_1201-1024x573.jpg 1024w, https:\/\/first-responder.at\/wp-content\/uploads\/2025\/09\/IMG_1201-300x168.jpg 300w, https:\/\/first-responder.at\/wp-content\/uploads\/2025\/09\/IMG_1201-768x429.jpg 768w, https:\/\/first-responder.at\/wp-content\/uploads\/2025\/09\/IMG_1201-1536x859.jpg 1536w, https:\/\/first-responder.at\/wp-content\/uploads\/2025\/09\/IMG_1201-2048x1145.jpg 2048w\" sizes=\"auto, (max-width: 1024px) 100vw, 1024px\" \/><\/figure>\n\n\n\n<p><\/p>\n\n\n\n<figure class=\"wp-block-image size-large\"><img loading=\"lazy\" decoding=\"async\" width=\"1024\" height=\"573\" src=\"https:\/\/first-responder.at\/wp-content\/uploads\/2025\/09\/IMG_1202-1024x573.jpg\" alt=\"\" class=\"wp-image-384\" srcset=\"https:\/\/first-responder.at\/wp-content\/uploads\/2025\/09\/IMG_1202-1024x573.jpg 1024w, https:\/\/first-responder.at\/wp-content\/uploads\/2025\/09\/IMG_1202-300x168.jpg 300w, https:\/\/first-responder.at\/wp-content\/uploads\/2025\/09\/IMG_1202-768x430.jpg 768w, https:\/\/first-responder.at\/wp-content\/uploads\/2025\/09\/IMG_1202-1536x860.jpg 1536w, https:\/\/first-responder.at\/wp-content\/uploads\/2025\/09\/IMG_1202.jpg 1918w\" sizes=\"auto, (max-width: 1024px) 100vw, 1024px\" \/><figcaption class=\"wp-element-caption\"><sup>Fotocredit: ORF N\u00d6<\/sup><\/figcaption><\/figure>\n\n\n\n<br>\n<br>\n\n\n\n<h2 class=\"wp-block-heading\">ZIVILSCHUTZTAG V\u00d6SENDORF<\/h2>\n\n\n\n<p>Am 28.09.2025 fand in V\u00f6sendorf der beliebte Zivilschutztag statt. Circa 500 Besucher kamen bei gutem Wetter, um sich zu informieren. Unser Stand bot &#8222;Erste-Hilfe-Coachings&#8220; an, und frischte die Kenntnisse der Menschen auf, die meist zuletzt beim Erwerb des F\u00fchrerscheins mit dem Thema zu tun hatten. Bei der CPR-Challenge gab es einen regen Zulauf und wir freuen uns \u00fcber die vielen Teilnehmer.<\/p>\n\n\n\n<p>Die Gewinnerin des iPhones hat 34 Minuten durchgehend reanimiert. Ihr 11-j\u00e4hriger Sohn hat ihr Gesellschaft geleistet und knapp 33 Minuten durchgehalten. Eine sehr beeindruckende Leistung. Wir gratulieren allen Gewinnern und freuen uns auf das n\u00e4chste Event.<\/p>\n\n\n\n<figure class=\"wp-block-image size-large\"><img loading=\"lazy\" decoding=\"async\" width=\"1024\" height=\"966\" src=\"https:\/\/first-responder.at\/wp-content\/uploads\/2025\/09\/IMG_0923-1024x966.jpg\" alt=\"\" class=\"wp-image-388\" srcset=\"https:\/\/first-responder.at\/wp-content\/uploads\/2025\/09\/IMG_0923-1024x966.jpg 1024w, https:\/\/first-responder.at\/wp-content\/uploads\/2025\/09\/IMG_0923-300x283.jpg 300w, https:\/\/first-responder.at\/wp-content\/uploads\/2025\/09\/IMG_0923-768x725.jpg 768w, https:\/\/first-responder.at\/wp-content\/uploads\/2025\/09\/IMG_0923-1536x1449.jpg 1536w, https:\/\/first-responder.at\/wp-content\/uploads\/2025\/09\/IMG_0923-2048x1933.jpg 2048w\" sizes=\"auto, (max-width: 1024px) 100vw, 1024px\" \/><\/figure>\n\n\n\n<p><\/p>\n\n\n\n<figure class=\"wp-block-image size-large\"><img loading=\"lazy\" decoding=\"async\" width=\"1024\" height=\"883\" src=\"https:\/\/first-responder.at\/wp-content\/uploads\/2025\/09\/IMG_0976-1024x883.jpg\" alt=\"\" class=\"wp-image-389\" srcset=\"https:\/\/first-responder.at\/wp-content\/uploads\/2025\/09\/IMG_0976-1024x883.jpg 1024w, https:\/\/first-responder.at\/wp-content\/uploads\/2025\/09\/IMG_0976-300x259.jpg 300w, https:\/\/first-responder.at\/wp-content\/uploads\/2025\/09\/IMG_0976-768x662.jpg 768w, https:\/\/first-responder.at\/wp-content\/uploads\/2025\/09\/IMG_0976-1536x1325.jpg 1536w, https:\/\/first-responder.at\/wp-content\/uploads\/2025\/09\/IMG_0976-2048x1766.jpg 2048w\" sizes=\"auto, (max-width: 1024px) 100vw, 1024px\" \/><\/figure>\n\n\n\n<p><\/p>\n\n\n\n<figure class=\"wp-block-image size-large\"><img loading=\"lazy\" decoding=\"async\" width=\"1024\" height=\"782\" src=\"https:\/\/first-responder.at\/wp-content\/uploads\/2025\/09\/IMG_0924-1024x782.jpg\" alt=\"\" class=\"wp-image-390\" srcset=\"https:\/\/first-responder.at\/wp-content\/uploads\/2025\/09\/IMG_0924-1024x782.jpg 1024w, https:\/\/first-responder.at\/wp-content\/uploads\/2025\/09\/IMG_0924-300x229.jpg 300w, https:\/\/first-responder.at\/wp-content\/uploads\/2025\/09\/IMG_0924-768x587.jpg 768w, https:\/\/first-responder.at\/wp-content\/uploads\/2025\/09\/IMG_0924-1536x1173.jpg 1536w, https:\/\/first-responder.at\/wp-content\/uploads\/2025\/09\/IMG_0924-2048x1565.jpg 2048w\" sizes=\"auto, (max-width: 1024px) 100vw, 1024px\" \/><\/figure>\n\n\n\n<p><\/p>\n\n\n\n<figure class=\"wp-block-image size-large\"><img loading=\"lazy\" decoding=\"async\" width=\"1024\" height=\"609\" src=\"https:\/\/first-responder.at\/wp-content\/uploads\/2025\/09\/IMG_9709-2-1024x609.jpg\" alt=\"\" class=\"wp-image-391\" srcset=\"https:\/\/first-responder.at\/wp-content\/uploads\/2025\/09\/IMG_9709-2-1024x609.jpg 1024w, https:\/\/first-responder.at\/wp-content\/uploads\/2025\/09\/IMG_9709-2-300x178.jpg 300w, https:\/\/first-responder.at\/wp-content\/uploads\/2025\/09\/IMG_9709-2-768x456.jpg 768w, https:\/\/first-responder.at\/wp-content\/uploads\/2025\/09\/IMG_9709-2-1536x913.jpg 1536w, https:\/\/first-responder.at\/wp-content\/uploads\/2025\/09\/IMG_9709-2-2048x1217.jpg 2048w\" sizes=\"auto, (max-width: 1024px) 100vw, 1024px\" \/><\/figure>\n\n\n\n<p><\/p>\n\n\n\n<figure class=\"wp-block-image size-full is-resized\"><img decoding=\"async\" src=\"https:\/\/first-responder.at\/wp-content\/uploads\/2025\/09\/IMG_9730-2.heic\" alt=\"\" class=\"wp-image-393\" style=\"width:840px;height:auto\"\/><\/figure>\n\n\n\n<p><\/p>\n\n\n\n<figure class=\"wp-block-image size-large\"><img loading=\"lazy\" decoding=\"async\" width=\"1024\" height=\"683\" src=\"https:\/\/first-responder.at\/wp-content\/uploads\/2025\/09\/DSC05636-1024x683.jpg\" alt=\"\" class=\"wp-image-394\" srcset=\"https:\/\/first-responder.at\/wp-content\/uploads\/2025\/09\/DSC05636-1024x683.jpg 1024w, https:\/\/first-responder.at\/wp-content\/uploads\/2025\/09\/DSC05636-300x200.jpg 300w, https:\/\/first-responder.at\/wp-content\/uploads\/2025\/09\/DSC05636-768x512.jpg 768w, https:\/\/first-responder.at\/wp-content\/uploads\/2025\/09\/DSC05636-1536x1024.jpg 1536w, https:\/\/first-responder.at\/wp-content\/uploads\/2025\/09\/DSC05636-2048x1365.jpg 2048w\" sizes=\"auto, (max-width: 1024px) 100vw, 1024px\" \/><figcaption class=\"wp-element-caption\"><sup>Fotocredit: Marktgemeinde V\u00f6sendorf P. Stanitz<\/sup><\/figcaption><\/figure>\n\n\n\n<p>B\u00fcrgermeisterin Birgit Petross<\/p>\n\n\n\n<br>\n<br>\n\n\n\n<h2 class=\"wp-block-heading\">SANIT\u00c4TSDIENST EISKUNSTLAUF-MEISTERSCHAFT<\/h2>\n\n\n\n<p>Vom 3.-5. Oktober 2025 fanden die Eiskunstlauf-Meisterschaften in St. P\u00f6lten statt und wir durften uns um die Sicherheit aller Teilnehmer k\u00fcmmern. Eine beeindruckende Veranstaltung und gl\u00fccklicherweise trotz einiger St\u00fcrze nur kleinere Blessuren.<\/p>\n\n\n\n<figure class=\"wp-block-image size-large\"><img loading=\"lazy\" decoding=\"async\" width=\"1024\" height=\"768\" src=\"https:\/\/first-responder.at\/wp-content\/uploads\/2025\/10\/IMG_7362-1024x768.jpg\" alt=\"\" class=\"wp-image-403\" srcset=\"https:\/\/first-responder.at\/wp-content\/uploads\/2025\/10\/IMG_7362-1024x768.jpg 1024w, https:\/\/first-responder.at\/wp-content\/uploads\/2025\/10\/IMG_7362-300x225.jpg 300w, https:\/\/first-responder.at\/wp-content\/uploads\/2025\/10\/IMG_7362-768x576.jpg 768w, https:\/\/first-responder.at\/wp-content\/uploads\/2025\/10\/IMG_7362-1536x1152.jpg 1536w, https:\/\/first-responder.at\/wp-content\/uploads\/2025\/10\/IMG_7362-2048x1536.jpg 2048w\" sizes=\"auto, (max-width: 1024px) 100vw, 1024px\" \/><\/figure>\n\n\n\n<p><\/p>\n\n\n\n<figure class=\"wp-block-gallery has-nested-images columns-default is-cropped wp-block-gallery-1 is-layout-flex wp-block-gallery-is-layout-flex\">\n<figure class=\"wp-block-image size-large\"><img loading=\"lazy\" decoding=\"async\" width=\"768\" height=\"1024\" data-id=\"406\" src=\"https:\/\/first-responder.at\/wp-content\/uploads\/2025\/10\/IMG_7375-1-768x1024.jpg\" alt=\"\" class=\"wp-image-406\" srcset=\"https:\/\/first-responder.at\/wp-content\/uploads\/2025\/10\/IMG_7375-1-768x1024.jpg 768w, https:\/\/first-responder.at\/wp-content\/uploads\/2025\/10\/IMG_7375-1-225x300.jpg 225w, https:\/\/first-responder.at\/wp-content\/uploads\/2025\/10\/IMG_7375-1-1152x1536.jpg 1152w, https:\/\/first-responder.at\/wp-content\/uploads\/2025\/10\/IMG_7375-1-1536x2048.jpg 1536w, https:\/\/first-responder.at\/wp-content\/uploads\/2025\/10\/IMG_7375-1-scaled.jpg 1920w\" sizes=\"auto, (max-width: 768px) 100vw, 768px\" \/><\/figure>\n\n\n\n<figure class=\"wp-block-image size-large\"><img loading=\"lazy\" decoding=\"async\" width=\"768\" height=\"1024\" data-id=\"408\" src=\"https:\/\/first-responder.at\/wp-content\/uploads\/2025\/10\/IMG_7411-1-768x1024.jpg\" alt=\"\" class=\"wp-image-408\" srcset=\"https:\/\/first-responder.at\/wp-content\/uploads\/2025\/10\/IMG_7411-1-768x1024.jpg 768w, https:\/\/first-responder.at\/wp-content\/uploads\/2025\/10\/IMG_7411-1-225x300.jpg 225w, https:\/\/first-responder.at\/wp-content\/uploads\/2025\/10\/IMG_7411-1-1152x1536.jpg 1152w, https:\/\/first-responder.at\/wp-content\/uploads\/2025\/10\/IMG_7411-1-1536x2048.jpg 1536w, https:\/\/first-responder.at\/wp-content\/uploads\/2025\/10\/IMG_7411-1-scaled.jpg 1920w\" sizes=\"auto, (max-width: 768px) 100vw, 768px\" \/><\/figure>\n<\/figure>\n","protected":false},"excerpt":{"rendered":"<p>HELFEN TRAUEN erfolgreich in der Westfield SCS V\u00f6sendorf gestartet Kostenlos und quasi &#8222;im Vorbeigehen&#8220; k\u00fcmmern wir uns darum, dass das Wissen um die Basismassnahmen im Bereich Erste Hilfe bei der Bev\u00f6lkerung aufgefrischt werden. 80% der Bev\u00f6lkerung hatten zuletzt beim Erwerb des F\u00fchrerscheins Ber\u00fchung mit Erste-Hilfe-Kursen. Vieles ist vergessen. Vieles ist veraltet, teilweise sogar gef\u00e4hrliches Halbwissen. [&hellip;]<\/p>\n","protected":false},"author":2,"featured_media":0,"parent":0,"menu_order":0,"comment_status":"closed","ping_status":"closed","template":"","meta":{"footnotes":""},"class_list":["post-382","page","type-page","status-publish","hentry"],"_links":{"self":[{"href":"https:\/\/first-responder.at\/index.php?rest_route=\/wp\/v2\/pages\/382","targetHints":{"allow":["GET"]}}],"collection":[{"href":"https:\/\/first-responder.at\/index.php?rest_route=\/wp\/v2\/pages"}],"about":[{"href":"https:\/\/first-responder.at\/index.php?rest_route=\/wp\/v2\/types\/page"}],"author":[{"embeddable":true,"href":"https:\/\/first-responder.at\/index.php?rest_route=\/wp\/v2\/users\/2"}],"replies":[{"embeddable":true,"href":"https:\/\/first-responder.at\/index.php?rest_route=%2Fwp%2Fv2%2Fcomments&post=382"}],"version-history":[{"count":7,"href":"https:\/\/first-responder.at\/index.php?rest_route=\/wp\/v2\/pages\/382\/revisions"}],"predecessor-version":[{"id":426,"href":"https:\/\/first-responder.at\/index.php?rest_route=\/wp\/v2\/pages\/382\/revisions\/426"}],"wp:attachment":[{"href":"https:\/\/first-responder.at\/index.php?rest_route=%2Fwp%2Fv2%2Fmedia&parent=382"}],"curies":[{"name":"wp","href":"https:\/\/api.w.org\/{rel}","templated":true}]}}