{"id":273,"date":"2025-05-02T23:33:28","date_gmt":"2025-05-02T22:33:28","guid":{"rendered":"https:\/\/first-responder.at\/?page_id=273"},"modified":"2026-04-07T20:59:31","modified_gmt":"2026-04-07T19:59:31","slug":"transparenz","status":"publish","type":"page","link":"https:\/\/first-responder.at\/?page_id=273","title":{"rendered":"TRANSPARENZ"},"content":{"rendered":"\n<h2 class=\"wp-block-heading\">100% Transparenz<\/h2>\n\n\n\n<hr class=\"wp-block-separator has-alpha-channel-opacity\"\/>\n\n\n\n<figure class=\"wp-block-image size-large\"><img loading=\"lazy\" decoding=\"async\" width=\"1024\" height=\"258\" src=\"https:\/\/first-responder.at\/wp-content\/uploads\/2025\/05\/DE086578-D9AF-4D7E-BD9D-23ACDFB75FC0-1-1024x258.jpg\" alt=\"\" class=\"wp-image-320\" srcset=\"https:\/\/first-responder.at\/wp-content\/uploads\/2025\/05\/DE086578-D9AF-4D7E-BD9D-23ACDFB75FC0-1-1024x258.jpg 1024w, https:\/\/first-responder.at\/wp-content\/uploads\/2025\/05\/DE086578-D9AF-4D7E-BD9D-23ACDFB75FC0-1-300x76.jpg 300w, https:\/\/first-responder.at\/wp-content\/uploads\/2025\/05\/DE086578-D9AF-4D7E-BD9D-23ACDFB75FC0-1-768x194.jpg 768w, https:\/\/first-responder.at\/wp-content\/uploads\/2025\/05\/DE086578-D9AF-4D7E-BD9D-23ACDFB75FC0-1.jpg 1527w\" sizes=\"auto, (max-width: 1024px) 100vw, 1024px\" \/><\/figure>\n\n\n\n<p><\/p>\n\n\n\n<p><br>Auf diesem Bereich unserer Webseite finden Sie <strong>alle<\/strong> Dokumente und Unterlagen \u00fcber unseren Verein. Wir werden hier ebenfalls j\u00e4hrlich unsere <em>Jahresabschl\u00fcsse, Finanzdokumente<\/em> und <em>Kontoausz\u00fcge<\/em> ver\u00f6ffentlichen, damit Sie genau wissen, was mit Ihrer Spende passiert. 100% Transparenz!<\/p>\n\n\n\n<p><strong>Sollten Sie Fragen haben, k\u00f6nnen Sie sich jederzeit gerne an uns wenden.<\/strong><\/p>\n\n\n\n<p>Schreiben Sie uns einfach unter <a href=\"mailto:verein@first-responder.at\">verein@first-responder.at<\/a><\/p>\n\n\n\n<h2 class=\"wp-block-heading\"><br><\/h2>\n\n\n\n<h5 class=\"wp-block-heading\">Auszug aus dem zentralen Vereinsregister<\/h5>\n\n\n\n<div data-wp-interactive=\"core\/file\" class=\"wp-block-file\"><object data-wp-bind--hidden=\"!state.hasPdfPreview\" hidden class=\"wp-block-file__embed\" data=\"https:\/\/first-responder.at\/wp-content\/uploads\/2025\/05\/Registerauszug_202412201031.pdf\" type=\"application\/pdf\" style=\"width:100%;height:600px\" aria-label=\"Einbettung von Registerauszug_202412201031.\"><\/object><a id=\"wp-block-file--media-66fe62c5-aa59-4cea-8215-78642e1cf490\" href=\"https:\/\/first-responder.at\/wp-content\/uploads\/2025\/05\/Registerauszug_202412201031.pdf\">Registerauszug_202412201031<\/a><a href=\"https:\/\/first-responder.at\/wp-content\/uploads\/2025\/05\/Registerauszug_202412201031.pdf\" class=\"wp-block-file__button wp-element-button\" download aria-describedby=\"wp-block-file--media-66fe62c5-aa59-4cea-8215-78642e1cf490\">Herunterladen<\/a><\/div>\n\n\n\n<h5 class=\"wp-block-heading\">Unsere Vereinsstatuten<\/h5>\n\n\n\n<div data-wp-interactive=\"core\/file\" class=\"wp-block-file\"><object data-wp-bind--hidden=\"!state.hasPdfPreview\" hidden class=\"wp-block-file__embed\" data=\"https:\/\/first-responder.at\/wp-content\/uploads\/2026\/03\/FRNOe-Statuten_Fassung-2025.pdf\" type=\"application\/pdf\" style=\"width:100%;height:600px\" aria-label=\"Einbettung von FRN\u00d6-Statuten_Fassung-2025.\"><\/object><a id=\"wp-block-file--media-6655acf8-34e0-4d0a-a934-fcb9bc778add\" href=\"https:\/\/first-responder.at\/wp-content\/uploads\/2026\/03\/FRNOe-Statuten_Fassung-2025.pdf\">FRN\u00d6-Statuten_Fassung-2025<\/a><a href=\"https:\/\/first-responder.at\/wp-content\/uploads\/2026\/03\/FRNOe-Statuten_Fassung-2025.pdf\" class=\"wp-block-file__button wp-element-button\" download aria-describedby=\"wp-block-file--media-6655acf8-34e0-4d0a-a934-fcb9bc778add\">Herunterladen<\/a><\/div>\n\n\n\n<h5 class=\"wp-block-heading\">Unser Jahresabschluss 2025<\/h5>\n\n\n\n<div data-wp-interactive=\"core\/file\" class=\"wp-block-file\"><object data-wp-bind--hidden=\"!state.hasPdfPreview\" hidden class=\"wp-block-file__embed\" data=\"https:\/\/first-responder.at\/wp-content\/uploads\/2026\/04\/JA-2025-kurz.pdf\" type=\"application\/pdf\" style=\"width:100%;height:600px\" aria-label=\"Einbettung von JA 2025 kurz.\"><\/object><a id=\"wp-block-file--media-0ac58a3d-3ebb-4020-b098-d6d15917a2f2\" href=\"https:\/\/first-responder.at\/wp-content\/uploads\/2026\/04\/JA-2025-kurz.pdf\">JA 2025 kurz<\/a><a href=\"https:\/\/first-responder.at\/wp-content\/uploads\/2026\/04\/JA-2025-kurz.pdf\" class=\"wp-block-file__button wp-element-button\" download aria-describedby=\"wp-block-file--media-0ac58a3d-3ebb-4020-b098-d6d15917a2f2\">Herunterladen<\/a><\/div>\n\n\n\n<p><\/p>\n\n\n\n<h5 class=\"wp-block-heading\">Best\u00e4tigung Freiwilligenorganisation<\/h5>\n\n\n\n<div data-wp-interactive=\"core\/file\" class=\"wp-block-file\"><object data-wp-bind--hidden=\"!state.hasPdfPreview\" hidden class=\"wp-block-file__embed\" data=\"https:\/\/first-responder.at\/wp-content\/uploads\/2026\/03\/FWO_2025_0252.pdf\" type=\"application\/pdf\" style=\"width:100%;height:600px\" aria-label=\"Einbettung von FWO_2025_0252.\"><\/object><a id=\"wp-block-file--media-de45a279-1be2-4454-9f80-f8eedcdfb7c6\" href=\"https:\/\/first-responder.at\/wp-content\/uploads\/2026\/03\/FWO_2025_0252.pdf\">FWO_2025_0252<\/a><a href=\"https:\/\/first-responder.at\/wp-content\/uploads\/2026\/03\/FWO_2025_0252.pdf\" class=\"wp-block-file__button wp-element-button\" download aria-describedby=\"wp-block-file--media-de45a279-1be2-4454-9f80-f8eedcdfb7c6\">Herunterladen<\/a><\/div>\n\n\n<div class=\"alignright wp-block-site-logo\"><a href=\"https:\/\/first-responder.at\/\" class=\"custom-logo-link\" rel=\"home\"><img loading=\"lazy\" decoding=\"async\" width=\"106\" height=\"106\" src=\"https:\/\/first-responder.at\/wp-content\/uploads\/2024\/03\/FFNOe-Logo-Kopie.jpg\" class=\"custom-logo\" alt=\"First Responder Nieder\u00f6sterreich\" srcset=\"https:\/\/first-responder.at\/wp-content\/uploads\/2024\/03\/FFNOe-Logo-Kopie.jpg 283w, https:\/\/first-responder.at\/wp-content\/uploads\/2024\/03\/FFNOe-Logo-Kopie-150x150.jpg 150w\" sizes=\"auto, (max-width: 106px) 100vw, 106px\" \/><\/a><\/div>\n\n\n<br>\n<br>\n\n\n\n<div class=\"wp-block-buttons is-layout-flex wp-block-buttons-is-layout-flex\">\n<div class=\"wp-block-button\"><a class=\"wp-block-button__link wp-element-button\" href=\"https:\/\/www.first-responder.at\">Zur\u00fcck zur Homepage<\/a><\/div>\n<\/div>\n\n\n\n<h2 class=\"wp-block-heading\">Aus Liebe zum Helfen<\/h2>\n\n\n\n<p><\/p>\n\n\n\n<p>Wir sind organisations\u00fcbergreifend. Wir sind keine Konkurrenz zum regul\u00e4ren Rettungsdienst, sondern verstehen uns als Unterst\u00fctzung bei einem System, wo es aufgrund der grossen Fl\u00e4che unseres wundersch\u00f6nen Bundeslandes auch mal zu Wartezeiten kommen kann, insbesondere wenn es um zeitkritische Notf\u00e4lle geht.  Selbst 15 Minuten k\u00f6nnen dann eine Ewigkeit sein und wer 15 Minuten nicht mehr atmet, dem ist dann auch nicht mehr zu helfen. Daher ben\u00f6tigen wir noch viel mehr engagierte gut ausgebildete First Responder.<\/p>\n\n\n\n<div class=\"wp-block-buttons is-content-justification-right is-layout-flex wp-container-core-buttons-is-layout-765c4724 wp-block-buttons-is-layout-flex\">\n<div class=\"wp-block-button\"><a class=\"wp-block-button__link wp-element-button\" href=\"mailto:hilfe@first-responder.at\">Ich will mitmachen!<\/a><\/div>\n<\/div>\n\n\n\n<p>Melde Dich bei uns, wenn Du Interesse an einer Mitarbeit hast:    <\/p>\n","protected":false},"excerpt":{"rendered":"<p>100% Transparenz Auf diesem Bereich unserer Webseite finden Sie alle Dokumente und Unterlagen \u00fcber unseren Verein. Wir werden hier ebenfalls j\u00e4hrlich unsere Jahresabschl\u00fcsse, Finanzdokumente und Kontoausz\u00fcge ver\u00f6ffentlichen, damit Sie genau wissen, was mit Ihrer Spende passiert. 100% Transparenz! Sollten Sie Fragen haben, k\u00f6nnen Sie sich jederzeit gerne an uns wenden. Schreiben Sie uns einfach unter [&hellip;]<\/p>\n","protected":false},"author":2,"featured_media":0,"parent":0,"menu_order":0,"comment_status":"closed","ping_status":"closed","template":"","meta":{"footnotes":""},"class_list":["post-273","page","type-page","status-publish","hentry"],"_links":{"self":[{"href":"https:\/\/first-responder.at\/index.php?rest_route=\/wp\/v2\/pages\/273","targetHints":{"allow":["GET"]}}],"collection":[{"href":"https:\/\/first-responder.at\/index.php?rest_route=\/wp\/v2\/pages"}],"about":[{"href":"https:\/\/first-responder.at\/index.php?rest_route=\/wp\/v2\/types\/page"}],"author":[{"embeddable":true,"href":"https:\/\/first-responder.at\/index.php?rest_route=\/wp\/v2\/users\/2"}],"replies":[{"embeddable":true,"href":"https:\/\/first-responder.at\/index.php?rest_route=%2Fwp%2Fv2%2Fcomments&post=273"}],"version-history":[{"count":14,"href":"https:\/\/first-responder.at\/index.php?rest_route=\/wp\/v2\/pages\/273\/revisions"}],"predecessor-version":[{"id":446,"href":"https:\/\/first-responder.at\/index.php?rest_route=\/wp\/v2\/pages\/273\/revisions\/446"}],"wp:attachment":[{"href":"https:\/\/first-responder.at\/index.php?rest_route=%2Fwp%2Fv2%2Fmedia&parent=273"}],"curies":[{"name":"wp","href":"https:\/\/api.w.org\/{rel}","templated":true}]}}