{"id":271,"date":"2025-05-02T12:53:13","date_gmt":"2025-05-02T11:53:13","guid":{"rendered":"https:\/\/first-responder.at\/?page_id=271"},"modified":"2025-05-04T15:51:26","modified_gmt":"2025-05-04T14:51:26","slug":"informationen","status":"publish","type":"page","link":"https:\/\/first-responder.at\/?page_id=271","title":{"rendered":"INFORMATIONEN"},"content":{"rendered":"\n<h4 class=\"wp-block-heading\">Unsere Mission<\/h4>\n\n\n\n<p><\/p>\n\n\n\n<p>Wir wollen ein <strong>fl\u00e4chendeckendes Netz<\/strong> bestehend aus mindestens <strong>5.000 rettungsdienstlichen First Respondern<\/strong> bestehend aus Rettungs- und Notfallsanit\u00e4tern, Not\u00e4rzten und Diplompflegekr\u00e4ften in ganz Nieder\u00f6sterreich etablieren um das <strong>therapiefreie Intervall zum Wohle aller Notfall- und Akutpatienten so kurz wie m\u00f6glich zu halten<\/strong>.<\/p>\n\n\n\n<hr class=\"wp-block-separator has-alpha-channel-opacity\"\/>\n\n\n\n<figure class=\"wp-block-image size-large\"><img loading=\"lazy\" decoding=\"async\" width=\"1024\" height=\"537\" src=\"https:\/\/first-responder.at\/wp-content\/uploads\/2025\/05\/dji_fly_20250413_162432_312_1744554361108_photo_optimized-3-1-1024x537.jpg\" alt=\"\" class=\"wp-image-318\" srcset=\"https:\/\/first-responder.at\/wp-content\/uploads\/2025\/05\/dji_fly_20250413_162432_312_1744554361108_photo_optimized-3-1-1024x537.jpg 1024w, https:\/\/first-responder.at\/wp-content\/uploads\/2025\/05\/dji_fly_20250413_162432_312_1744554361108_photo_optimized-3-1-300x157.jpg 300w, https:\/\/first-responder.at\/wp-content\/uploads\/2025\/05\/dji_fly_20250413_162432_312_1744554361108_photo_optimized-3-1-768x402.jpg 768w, https:\/\/first-responder.at\/wp-content\/uploads\/2025\/05\/dji_fly_20250413_162432_312_1744554361108_photo_optimized-3-1-1536x805.jpg 1536w, https:\/\/first-responder.at\/wp-content\/uploads\/2025\/05\/dji_fly_20250413_162432_312_1744554361108_photo_optimized-3-1-2048x1073.jpg 2048w\" sizes=\"auto, (max-width: 1024px) 100vw, 1024px\" \/><\/figure>\n\n\n\n<p><\/p>\n\n\n\n<h5 class=\"wp-block-heading\"><br>Was sind First Responder?<\/h5>\n\n\n\n<p><\/p>\n\n\n\n<p>Rettungsdienstliche First Responder werden parallel zum Rettungsdienst von der nieder\u00f6sterreichischen Notrufleitstelle mitalarmiert und sollen einen Zeitvorteil durch die \u00f6rtliche N\u00e4he zum Berufungsort haben.<\/p>\n\n\n\n<p>First Responder sind mit einem <em>halbautomatischen Defibrillator<\/em> und einem <em>Notfallrucksack<\/em> ausgestattet und sind binnen weniger Minuten am Ort des Notfalls. Sie arbeiten alleine und beginnen unverz\u00fcglich mit lebensrettenden Sofortmassnahmen und machen sich daher in erster Linie bei zeitkritischen Eins\u00e4tzen bezahlt. Sie reagieren meist in einem Umkreis von 4km.<\/p>\n\n\n\n<h2 class=\"wp-block-heading\"><\/h2>\n\n\n\n<p><\/p>\n\n\n\n<h5 class=\"wp-block-heading\">Was ist das therapiefreie Intervall? <\/h5>\n\n\n\n<p><\/p>\n\n\n\n<p>Der Zeitpunkt vom W\u00e4hlen des Notrufs 144 bis zum Eintreffen des Rettungsdienstes oder des Notarztes nennt man <strong>therapiefreies Intervall<\/strong>. Nieder\u00f6sterreich hat eine extrem grosse Fl\u00e4che und einige Ortschaften als auch einzelne Geb\u00e4ude sind sehr entlegen sodass dieses therapiefreie Intervall in einigen wenigen F\u00e4llen sehr lang sein kann. Zu lang. Bei zeitkritischen Eins\u00e4tzen wie beispielsweise einem <em>Herzinfarkt<\/em>, einem <em>Kreislaufstillstand<\/em> oder einem <em>Erstickungsanfall<\/em> geht es um jede Sekunde. Wenn in solchen F\u00e4llen das therapiefreie Intervall l\u00e4nger als 5 Minuten dauert, sinkt die Wahrscheinlichkeit eines positiven Ausgangs (<em>Outcome<\/em>) min\u00fctlich um 10%.<br><\/p>\n\n\n\n<h2 class=\"wp-block-heading\"><\/h2>\n\n\n\n<h5 class=\"wp-block-heading\">Gibt es nicht schon First Responder in Nieder\u00f6sterreich?<\/h5>\n\n\n\n<p><\/p>\n\n\n\n<p>Das ist korrekt. <em>Die anerkannten Rettungsorganisationen haben circa zwischen 200-300 First Responder<\/em> auf Nieder\u00f6sterreich verteilt. Wir haben jedoch jetzt schon \u00fcber 1.000 Mitglieder und w\u00fcnschen uns so viele First Responder wie m\u00f6glich. Das angestrete Ziel sind 5.000. Mehr ist besser vielleicht werden es sogar 10.000 oder noch mehr. Seit sich unser Obmann f\u00fcr dieses Thema auch in der \u00d6ffentlichkeit stark macht, ist einiges geschehen und es sind in einigen wichtigen entlegenen Gebieten von den anerkannten Rettungsorganisationen bereits einige First Responder installiert worden. Jedoch handelt es sich dort meistens um ein oder zwei &#8211; manchmal sogar drei Personen. Diese System basiert auf Freiwilligkeit und Verf\u00fcgbarkeit. Dass diese Personen an 365 Tagen 24\/7 erreichbar und verf\u00fcgbar sind, ist nat\u00fcrlich nicht gew\u00e4hrleistet. Daher sehen wir uns auch in den Gebieten nicht als Konkurrenz. Unserer Meinung nach ist es besser in einem Ort 10 oder vielleicht sogar 20 First Responder zu haben, damit die Wahrscheinlichkeit, dass in einem Einsatzfall auch wirklich jemand zur Verf\u00fcgung steht, sehr hoch gehalten wird. Ob hier alle von uns oder einige gemischt mit First Respondern einer anderen befreundeten Orgaisation spielt keine Rolle. Gebiete in denen es noch gar niemanden gibt, werden von uns nat\u00fcrlich priorisiert und zuerst mit First Respondern ausgestattet.<\/p>\n\n\n\n<h2 class=\"wp-block-heading\"><\/h2>\n\n\n\n<h5 class=\"wp-block-heading\">Sind die <em>First Responder Nieder\u00f6sterreich<\/em> eine anerkannte Rettungsorganisation? <br><\/h5>\n\n\n\n<p>Laut nieder\u00f6sterreichischen Rettungsdienstgesetz aus dem Jahre 2017 (N\u00d6 RDG 2017) ben\u00f6tigt man in Nieder\u00f6sterreich die Anerkennung der Landesregierung um den regionalen und \u00fcberregionalen Rettungs- und Krankentransportdienst durchf\u00fchren zu d\u00fcrfen. Das machen wir nicht und ben\u00f6tigen deswegen auch keine Anerkennung. Wir f\u00fchren keine Transporte durch. Anerkennung bedeutet in diesem Fall aber <strong>nicht seri\u00f6s oder unseri\u00f6s<\/strong> sondern einfach nur eine beh\u00f6rdliche Bewilligung zur Durchf\u00fchrung des Rettungsdienstes. In unserem Fall ist es gesetzlich nicht m\u00f6glich, weil wir keine Transporte durchf\u00fchren und keine Fahrzeuge haben. Um die Alarmierung unserer First Responder sicherzustellen, arbeiten wir eng mit dem Amt der nieder\u00f6sterreichischen Landesregierung zusammen um m\u00f6glichst rasch eine L\u00f6sung zu finden. <em>Derzeit wird an einer entsprechenden Gesetzes\u00e4nderung gearbeitet.<\/em><\/p>\n\n\n\n<p><strong>Wir sind jedoch eine Rettungsorgansation gem\u00e4\u00df \u00a723 Abs. 1 Ziffer 7 des Sanit\u00e4tergesetzes (SanG)<\/strong> und haben sowohl ein organisatorischen Leiter als auch einen medizinischen Direktor beziehungsweise Chefarzt.<\/p>\n\n\n\n<p><\/p>\n\n\n\n<h2 class=\"wp-block-heading\"><\/h2>\n\n\n\n<h5 class=\"wp-block-heading\">Es gibt doch schon genug Rettungorganisationen! Ist das wirklich notwendig?<\/h5>\n\n\n\n<p><\/p>\n\n\n\n<p>Die befreundeten Rettungsorganisationen besch\u00e4ftigen sind nicht nur mit dem Thema First Responder sondern vorrangig mit dem Thema <em>Rettungsdienst, Krankentransport, Soziale Dienste, Essen auf R\u00e4dern, Blutspenden, \u00c4rztefunkdienst, Katastrophenhilfsdienst, Katastrophenschutz, Krisenintervention, Ausbildung, Zivildiener<\/em> und noch unz\u00e4hlige andere Dinge. <strong>Sie leisten in diesen Bereichen Unglaubliches und haben enorme Vorhaltekosten.<\/strong><\/p>\n\n\n\n<p>Wir wollen hier unterst\u00fctzend ansetzen, indem wir uns ausschliesslich um das Thema <strong>First Responder<\/strong> k\u00fcmmern. First Responder sind naturgem\u00e4ss ein Thema was unglaublich wichtig ist aber sehr schwer zu finanzieren ist, weil in den Vertr\u00e4gen mit den Kostentr\u00e4gern Pauschalen f\u00fcr Rettungseins\u00e4tze vereinbart sind. First Responder sind hier nicht ber\u00fccksichtigt und werden also niemals von irgendwem bezahlt auch nicht bei den anerkannten Rettungsorganisationen.<\/p>\n\n\n\n<p><\/p>\n\n\n\n<h2 class=\"wp-block-heading\"><\/h2>\n\n\n\n<h5 class=\"wp-block-heading\">Okay, wenn das nicht bezahlt wird warum macht Ihr das denn dann \u00fcberhaupt?<\/h5>\n\n\n\n<p><\/p>\n\n\n\n<p><em>Die sogenannte pr\u00e4klinische Versorgung ist in Nieder\u00f6sterreich leider nach wie vor standortbezogene Gl\u00fcckssache.<\/em> Das best\u00e4tigt auch der Bundesverband Rettungsdienst. Wenn jemand in Wiener Neustadt in der Fussg\u00e4ngerzone einen Kreislaufstillstand erleidet, ist m\u00f6glicherweise sehr schnell ein Rettungswagen vor Ort und das n\u00e4chste Krankenhaus nur 2 km weiter. In Wolfsgraben im Wienerwald sieht die Sache schon etwas anders aus. Je nachdem ob das n\u00e4chste Rettungsmittel (Rettungswagen\/RTW) gerade frei oder besch\u00e4ftigt ist, kann es dementsprechend binnen 15 Minuten vor Ort sein oder man muss mitunter auch einmal 40 Minuten warten. In beiden F\u00e4llen ist das bei Bauchschmerzen nicht schlimm. Aber bei einem allergischen Schock, einem Herzstillstand oder wenn sich jemand beim Mittagessen an einem St\u00fcck Schnitzel verschluckt hat, macht es einen deutlichen Unterschied ob nach 4 Minuten qualifizierte Hilfe da ist oder erst nach 15 Minuten. <strong>Wir m\u00f6chten das unn\u00f6tige Todesf\u00e4lle verhindert werden und w\u00fcnschen uns f\u00fcr alle Nieder\u00f6sterreicherinnen und Nieder\u00f6sterreicher die gleichen Chancen auf Hilfe und Genesung, unabh\u00e4ngig davon wo sie wohnen<\/strong>. Da es schlicht und ergreifend nicht finanzierbar ist alle 5 km eine Rettungdienststelle mit ausreichend Personal und Fahrzeugen zur Verf\u00fcgung zu haben <em>sind First Responder die einzig sinnvolle Antwort.<\/em><\/p>\n\n\n\n<p><\/p>\n\n\n\n<h2 class=\"wp-block-heading\"><\/h2>\n\n\n\n<h5 class=\"wp-block-heading\">Gut, aber das kostet doch irgendwas! Wer bezahlt das Ganze?<\/h5>\n\n\n\n<p><\/p>\n\n\n\n<p><strong>Unser Verein ist gemeinn\u00fctzig<\/strong> das bedeutet, dass gem\u00e4\u00df \u00f6sterreichischem Vereinsgesetz s\u00e4mtliche Mitglieder inklusive Vorstand, medizinischem Direktor und organisatorischem Leiter ehrenamtlich und <em>kostenlos<\/em> f\u00fcr den Vereinszweck t\u00e4tig sein m\u00fcssen. Das gleiche gilt f\u00fcr die aktiven Mitglieder die als First Responder zur Verf\u00fcgung stehen und ihre Freizeit dankenswerterweise in den Dienst der Allgemeinheit stellen. <strong>Somit fallen auch keine Kosten an.<\/strong> Es sind einmalig Kosten f\u00fcr die Ausr\u00fcstung jedes einzelnen First Responders notwendig und in weiterer Folge die Kosten f\u00fcr das verbrauchte Material. Diese Kosten sind laut unserer Berechnung \u00fcberschaubar und lassen sich durch freiwillige Spenden, m\u00f6gliche \u00f6ffentliche Subventionen als auch durch Sponsoren finanzieren.<\/p>\n\n\n\n<p>M\u00f6chten Sie auch einen Beitrag leisten? Selbst mit einmaligen 5\u20ac k\u00f6nnen Sie uns unterst\u00fctzen. F\u00fcr 5\u20ac unterst\u00fctzen Sie uns schon mit wertvollem Verbandsmaterial.<\/p>\n\n\n\n<p><strong>Am Einfachsten k\u00f6nnen Sie \u00fcber diesen Button eine einmalige Spende leisten:<\/strong><\/p>\n\n\n\n<div class=\"wp-block-group alignfull has-text-color has-background\" style=\"color:#000000;background-color:#ffffff\"><div class=\"wp-block-group__inner-container is-layout-flow wp-block-group-is-layout-flow\">\n<div style=\"height:14px\" aria-hidden=\"true\" class=\"wp-block-spacer\"><\/div>\n\n\n\n<div class=\"wp-block-buttons is-horizontal is-content-justification-center is-layout-flex wp-container-core-buttons-is-layout-499968f5 wp-block-buttons-is-layout-flex\">\n<div class=\"wp-block-button has-custom-width wp-block-button__width-50\"><a class=\"wp-block-button__link has-text-color has-background wp-element-button\" href=\"https:\/\/donate.stripe.com\/bIY6q21OZ9cLgzm6oo\" style=\"border-radius:50px;color:#ffffff;background-color:#000000\"><strong>SPENDEN<\/strong><\/a><\/div>\n<\/div>\n\n\n\n<div style=\"height:22px\" aria-hidden=\"true\" class=\"wp-block-spacer\"><\/div>\n<\/div><\/div>\n\n\n\n<h5 class=\"wp-block-heading\">Ich hab noch nie einen First Responder von euch irgendwo gesehen!<\/h5>\n\n\n\n<p><\/p>\n\n\n\n<p>Wenn sich mehr als 1.000 Menschen bereit erkl\u00e4ren, freiwillig und kostenlos die Situation in Nieder\u00f6sterreich verbessern zu wollen, sollte man meinen, dass das kein Problem ist und sich die Leitstelle freut und diese Personen in die Rettungkette einbindet. Leider ist dem nicht so. Die Leitstelle ist an gesetzliche Vorgaben und an einen Versorgungsauftrag gebunden. Desweiteren gibt es das grosse Missverst\u00e4ndnis, dass einige zust\u00e4ndige Fachabteilungen in der Landesregierung glauben, es g\u00e4be schon genug First Responder n\u00e4mlich einige Tausend.<\/p>\n\n\n\n<p>Um die Alarmierung unserer First Responder zu erm\u00f6glichen sind einige rechtliche Grundlagen notwendig, die leider nicht so schnell von statten gehen, wie wir es gerne h\u00e4tten.<\/p>\n\n\n\n<p>Nat\u00fcrlich gibt es auch diverse kritische Stimmen, die die Notwendigkeit unseres Vereins nicht so sehen wie wir. Diese gilt es von unserem Projekt zu \u00fcberzeugen, was ebenfalls Zeit ben\u00f6tigt.<\/p>\n\n\n<div class=\"alignright wp-block-site-logo\"><a href=\"https:\/\/first-responder.at\/\" class=\"custom-logo-link\" rel=\"home\"><img loading=\"lazy\" decoding=\"async\" width=\"106\" height=\"106\" src=\"https:\/\/first-responder.at\/wp-content\/uploads\/2024\/03\/FFNOe-Logo-Kopie.jpg\" class=\"custom-logo\" alt=\"First Responder Nieder\u00f6sterreich\" srcset=\"https:\/\/first-responder.at\/wp-content\/uploads\/2024\/03\/FFNOe-Logo-Kopie.jpg 283w, https:\/\/first-responder.at\/wp-content\/uploads\/2024\/03\/FFNOe-Logo-Kopie-150x150.jpg 150w\" sizes=\"auto, (max-width: 106px) 100vw, 106px\" \/><\/a><\/div>\n\n\n<p><\/p>\n\n\n\n<p><\/p>\n\n\n\n<h4 class=\"wp-block-heading\">Aus Liebe zum Helfen<\/h4>\n\n\n\n<p><\/p>\n\n\n\n<p>Wir sind organisations\u00fcbergreifend. Wir sind keine Konkurrenz zum regul\u00e4ren Rettungsdienst, sondern verstehen uns als Unterst\u00fctzung bei einem System, wo es aufgrund der grossen Fl\u00e4che unseres wundersch\u00f6nen Bundeslandes auch mal zu Wartezeiten kommen kann, insbesondere wenn es um zeitkritische Notf\u00e4lle geht.  Selbst 15 Minuten k\u00f6nnen dann eine Ewigkeit sein und wer 15 Minuten nicht mehr atmet, dem ist dann auch nicht mehr zu helfen. Daher ben\u00f6tigen wir noch viel mehr engagierte gut ausgebildete First Responder.<\/p>\n\n\n\n<hr class=\"wp-block-separator has-alpha-channel-opacity\"\/>\n\n\n\n<div class=\"wp-block-group is-nowrap is-layout-flex wp-container-core-group-is-layout-ad2f72ca wp-block-group-is-layout-flex\">\n<p>Melde Dich bei uns, wenn Du Interesse an einer Mitarbeit hast:<\/p>\n<\/div>\n\n\n\n<div class=\"wp-block-buttons is-content-justification-right is-layout-flex wp-container-core-buttons-is-layout-765c4724 wp-block-buttons-is-layout-flex\">\n<div class=\"wp-block-button\"><a class=\"wp-block-button__link wp-element-button\" href=\"mailto:hilfe@first-responder.at\">Ich will mitmachen!<\/a><\/div>\n<\/div>\n","protected":false},"excerpt":{"rendered":"<p>Unsere Mission Wir wollen ein fl\u00e4chendeckendes Netz bestehend aus mindestens 5.000 rettungsdienstlichen First Respondern bestehend aus Rettungs- und Notfallsanit\u00e4tern, Not\u00e4rzten und Diplompflegekr\u00e4ften in ganz Nieder\u00f6sterreich etablieren um das therapiefreie Intervall zum Wohle aller Notfall- und Akutpatienten so kurz wie m\u00f6glich zu halten. Was sind First Responder? Rettungsdienstliche First Responder werden parallel zum Rettungsdienst von der [&hellip;]<\/p>\n","protected":false},"author":2,"featured_media":0,"parent":0,"menu_order":0,"comment_status":"closed","ping_status":"closed","template":"","meta":{"footnotes":""},"class_list":["post-271","page","type-page","status-publish","hentry"],"_links":{"self":[{"href":"https:\/\/first-responder.at\/index.php?rest_route=\/wp\/v2\/pages\/271","targetHints":{"allow":["GET"]}}],"collection":[{"href":"https:\/\/first-responder.at\/index.php?rest_route=\/wp\/v2\/pages"}],"about":[{"href":"https:\/\/first-responder.at\/index.php?rest_route=\/wp\/v2\/types\/page"}],"author":[{"embeddable":true,"href":"https:\/\/first-responder.at\/index.php?rest_route=\/wp\/v2\/users\/2"}],"replies":[{"embeddable":true,"href":"https:\/\/first-responder.at\/index.php?rest_route=%2Fwp%2Fv2%2Fcomments&post=271"}],"version-history":[{"count":21,"href":"https:\/\/first-responder.at\/index.php?rest_route=\/wp\/v2\/pages\/271\/revisions"}],"predecessor-version":[{"id":328,"href":"https:\/\/first-responder.at\/index.php?rest_route=\/wp\/v2\/pages\/271\/revisions\/328"}],"wp:attachment":[{"href":"https:\/\/first-responder.at\/index.php?rest_route=%2Fwp%2Fv2%2Fmedia&parent=271"}],"curies":[{"name":"wp","href":"https:\/\/api.w.org\/{rel}","templated":true}]}}