{"id":214,"date":"2025-04-30T14:21:29","date_gmt":"2025-04-30T13:21:29","guid":{"rendered":"https:\/\/first-responder.at\/?page_id=214"},"modified":"2026-02-16T22:47:25","modified_gmt":"2026-02-16T21:47:25","slug":"presseabteilung","status":"publish","type":"page","link":"https:\/\/first-responder.at\/?page_id=214","title":{"rendered":"PRESSE \/ MEDIENSERVICE"},"content":{"rendered":"\n<h2 class=\"wp-block-heading\">MEDIENBETREUUNG<\/h2>\n\n\n\n<hr class=\"wp-block-separator has-alpha-channel-opacity\"\/>\n\n\n\n<p>F\u00fcr Anfragen oder R\u00fcckfragen steht Ihnen Mag. Sandra Bergholz als Ansprechpartnerin zur Verf\u00fcgung.<\/p>\n\n\n\n<div class=\"wp-block-group is-nowrap is-layout-flex wp-container-core-group-is-layout-ad2f72ca wp-block-group-is-layout-flex\">\n<p class=\"has-text-align-left\">Telefon: <a href=\"tel:+436908012943\">+43 670 3580979<\/a><\/p>\n\n\n\n<p><\/p>\n\n\n\n<p><a href=\"malto:presse@first-responder.at\" target=\"_blank\" rel=\"noreferrer noopener\">Email Pressestelle \/ Medienservice<\/a><\/p>\n\n\n\n<p><\/p>\n<\/div>\n\n\n\n<br>\n<br>\n<br>\n\n\n\n<h2 class=\"wp-block-heading\">MEDIENVERTEILER<\/h2>\n\n\n\n<hr class=\"wp-block-separator has-alpha-channel-opacity\"\/>\n\n\n\n<p>M\u00f6chten Sie \u00fcber unsere Presseaussendungen informiert werden?<\/p>\n\n\n\n<p><\/p>\n\n\n\n<div class=\"wp-block-group alignfull has-text-color has-background\" style=\"color:#000000;background-color:#ffffff\"><div class=\"wp-block-group__inner-container is-layout-flow wp-block-group-is-layout-flow\">\n<p class=\"has-text-align-center has-small-font-size\" style=\"line-height:.9\"><p class=\"has-text-align-center has-small-font-size\" style=\"line-height:.9\"><strong> <\/strong><\/p><\/p>\n\n\n\n<div class=\"wp-block-buttons is-horizontal is-content-justification-center is-layout-flex wp-container-core-buttons-is-layout-499968f5 wp-block-buttons-is-layout-flex\">\n<div class=\"wp-block-button has-custom-width wp-block-button__width-50\"><a class=\"wp-block-button__link has-text-color has-background wp-element-button\" href=\"mailto:presse@first-responder.at?subject=Anmeldung%20Presseverteiler&amp;body=Hallo%20%0D%0A%0D%0ABitte%20um%20Zusendung%20Ihrer%20Aussendungen%20betreffend%20First%20Responder\" style=\"border-radius:50px;color:#ffffff;background-color:#000000\">REGISTRIEREN<\/a><\/div>\n<\/div>\n\n\n\n<div style=\"height:64px\" aria-hidden=\"true\" class=\"wp-block-spacer\"><\/div>\n<\/div><\/div>\n\n\n\n<h2 class=\"wp-block-heading\">MEDIATHEK<\/h2>\n\n\n\n<hr class=\"wp-block-separator has-alpha-channel-opacity\"\/>\n\n\n\n<p>Diese Fotos k\u00f6nnen jederzeit honorarfrei und auch gerne ohne Angaben der Quelle f\u00fcr s\u00e4mtliche Printmedien, Onlinemedien oder TV-Sender verwendet werden. Urheber aller Fotos und Logos ist der Verein First Responder Nieder\u00f6sterreich. Klicken Sie einfach auf das jeweilige Bild, um es in hochaufl\u00f6sender Form herunterladen zu k\u00f6nnen.<\/p>\n\n\n\n<figure class=\"wp-block-gallery has-nested-images columns-default is-cropped wp-block-gallery-1 is-layout-flex wp-block-gallery-is-layout-flex\">\n<figure class=\"wp-block-image size-large\"><a href=\"https:\/\/first-responder.at\/wp-content\/uploads\/2025\/09\/Pressefoto-VDorfZST1-scaled.jpg\"><img loading=\"lazy\" decoding=\"async\" width=\"873\" height=\"1024\" data-id=\"349\" src=\"https:\/\/first-responder.at\/wp-content\/uploads\/2025\/09\/Pressefoto-VDorfZST1-873x1024.jpg\" alt=\"\" class=\"wp-image-349\" srcset=\"https:\/\/first-responder.at\/wp-content\/uploads\/2025\/09\/Pressefoto-VDorfZST1-873x1024.jpg 873w, https:\/\/first-responder.at\/wp-content\/uploads\/2025\/09\/Pressefoto-VDorfZST1-256x300.jpg 256w, https:\/\/first-responder.at\/wp-content\/uploads\/2025\/09\/Pressefoto-VDorfZST1-768x900.jpg 768w, https:\/\/first-responder.at\/wp-content\/uploads\/2025\/09\/Pressefoto-VDorfZST1-1310x1536.jpg 1310w, https:\/\/first-responder.at\/wp-content\/uploads\/2025\/09\/Pressefoto-VDorfZST1-1747x2048.jpg 1747w\" sizes=\"auto, (max-width: 873px) 100vw, 873px\" \/><\/a><figcaption class=\"wp-element-caption\">Die Top 5 der CPR-Challenge 2025<\/figcaption><\/figure>\n\n\n\n<figure class=\"wp-block-image size-large\"><a href=\"https:\/\/first-responder.at\/wp-content\/uploads\/2025\/09\/Pressefoto-VDorfZST2-scaled.jpg\"><img loading=\"lazy\" decoding=\"async\" width=\"1024\" height=\"969\" data-id=\"350\" src=\"https:\/\/first-responder.at\/wp-content\/uploads\/2025\/09\/Pressefoto-VDorfZST2-1024x969.jpg\" alt=\"\" class=\"wp-image-350\" srcset=\"https:\/\/first-responder.at\/wp-content\/uploads\/2025\/09\/Pressefoto-VDorfZST2-1024x969.jpg 1024w, https:\/\/first-responder.at\/wp-content\/uploads\/2025\/09\/Pressefoto-VDorfZST2-300x284.jpg 300w, https:\/\/first-responder.at\/wp-content\/uploads\/2025\/09\/Pressefoto-VDorfZST2-768x727.jpg 768w, https:\/\/first-responder.at\/wp-content\/uploads\/2025\/09\/Pressefoto-VDorfZST2-1536x1454.jpg 1536w, https:\/\/first-responder.at\/wp-content\/uploads\/2025\/09\/Pressefoto-VDorfZST2-2048x1939.jpg 2048w\" sizes=\"auto, (max-width: 1024px) 100vw, 1024px\" \/><\/a><figcaption class=\"wp-element-caption\">CPR-Challenge V\u00f6sendorf<\/figcaption><\/figure>\n\n\n\n<figure class=\"wp-block-image size-large\"><a href=\"https:\/\/first-responder.at\/wp-content\/uploads\/2025\/05\/dji_fly_20250413_162412_307_1744554262098_photo_optimized-3.jpg\"><img loading=\"lazy\" decoding=\"async\" width=\"1024\" height=\"576\" data-id=\"311\" src=\"https:\/\/first-responder.at\/wp-content\/uploads\/2025\/05\/dji_fly_20250413_162412_307_1744554262098_photo_optimized-3-1024x576.jpg\" alt=\"\" class=\"wp-image-311\" srcset=\"https:\/\/first-responder.at\/wp-content\/uploads\/2025\/05\/dji_fly_20250413_162412_307_1744554262098_photo_optimized-3-1024x576.jpg 1024w, https:\/\/first-responder.at\/wp-content\/uploads\/2025\/05\/dji_fly_20250413_162412_307_1744554262098_photo_optimized-3-300x169.jpg 300w, https:\/\/first-responder.at\/wp-content\/uploads\/2025\/05\/dji_fly_20250413_162412_307_1744554262098_photo_optimized-3-768x432.jpg 768w, https:\/\/first-responder.at\/wp-content\/uploads\/2025\/05\/dji_fly_20250413_162412_307_1744554262098_photo_optimized-3-1536x864.jpg 1536w, https:\/\/first-responder.at\/wp-content\/uploads\/2025\/05\/dji_fly_20250413_162412_307_1744554262098_photo_optimized-3.jpg 1927w\" sizes=\"auto, (max-width: 1024px) 100vw, 1024px\" \/><\/a><figcaption class=\"wp-element-caption\">Gruppenfoto mit Chefarzt-Fahrzeug<\/figcaption><\/figure>\n\n\n\n<figure class=\"wp-block-image size-large\"><a href=\"https:\/\/first-responder.at\/wp-content\/uploads\/2025\/04\/dji_fly_20250413_162432_312_1744554361108_photo_optimized.jpg\"><img loading=\"lazy\" decoding=\"async\" width=\"1024\" height=\"1018\" data-id=\"196\" src=\"https:\/\/first-responder.at\/wp-content\/uploads\/2025\/04\/dji_fly_20250413_162432_312_1744554361108_photo_optimized-1024x1018.jpg\" alt=\"\" class=\"wp-image-196\" srcset=\"https:\/\/first-responder.at\/wp-content\/uploads\/2025\/04\/dji_fly_20250413_162432_312_1744554361108_photo_optimized-1024x1018.jpg 1024w, https:\/\/first-responder.at\/wp-content\/uploads\/2025\/04\/dji_fly_20250413_162432_312_1744554361108_photo_optimized-300x298.jpg 300w, https:\/\/first-responder.at\/wp-content\/uploads\/2025\/04\/dji_fly_20250413_162432_312_1744554361108_photo_optimized-150x150.jpg 150w, https:\/\/first-responder.at\/wp-content\/uploads\/2025\/04\/dji_fly_20250413_162432_312_1744554361108_photo_optimized-768x763.jpg 768w, https:\/\/first-responder.at\/wp-content\/uploads\/2025\/04\/dji_fly_20250413_162432_312_1744554361108_photo_optimized.jpg 1288w\" sizes=\"auto, (max-width: 1024px) 100vw, 1024px\" \/><\/a><figcaption class=\"wp-element-caption\">Team-Foto<\/figcaption><\/figure>\n\n\n\n<figure class=\"wp-block-image size-large\"><a href=\"https:\/\/first-responder.at\/wp-content\/uploads\/2025\/04\/dji_fly_20250413_162614_320_1744554381486_photo_optimized-2.jpg\"><img loading=\"lazy\" decoding=\"async\" width=\"1024\" height=\"576\" data-id=\"197\" src=\"https:\/\/first-responder.at\/wp-content\/uploads\/2025\/04\/dji_fly_20250413_162614_320_1744554381486_photo_optimized-2-1024x576.jpg\" alt=\"\" class=\"wp-image-197\" srcset=\"https:\/\/first-responder.at\/wp-content\/uploads\/2025\/04\/dji_fly_20250413_162614_320_1744554381486_photo_optimized-2-1024x576.jpg 1024w, https:\/\/first-responder.at\/wp-content\/uploads\/2025\/04\/dji_fly_20250413_162614_320_1744554381486_photo_optimized-2-300x169.jpg 300w, https:\/\/first-responder.at\/wp-content\/uploads\/2025\/04\/dji_fly_20250413_162614_320_1744554381486_photo_optimized-2-768x432.jpg 768w, https:\/\/first-responder.at\/wp-content\/uploads\/2025\/04\/dji_fly_20250413_162614_320_1744554381486_photo_optimized-2-1536x864.jpg 1536w, https:\/\/first-responder.at\/wp-content\/uploads\/2025\/04\/dji_fly_20250413_162614_320_1744554381486_photo_optimized-2.jpg 1761w\" sizes=\"auto, (max-width: 1024px) 100vw, 1024px\" \/><\/a><figcaption class=\"wp-element-caption\">Obmann, Team &amp; First Responder<\/figcaption><\/figure>\n\n\n\n<figure class=\"wp-block-image size-large\"><a href=\"https:\/\/first-responder.at\/wp-content\/uploads\/2025\/04\/dji_fly_20250413_162614_320_1744554381486_photo_optimized-scaled.jpg\"><img loading=\"lazy\" decoding=\"async\" width=\"1024\" height=\"885\" data-id=\"199\" src=\"https:\/\/first-responder.at\/wp-content\/uploads\/2025\/04\/dji_fly_20250413_162614_320_1744554381486_photo_optimized-1024x885.jpg\" alt=\"\" class=\"wp-image-199\" srcset=\"https:\/\/first-responder.at\/wp-content\/uploads\/2025\/04\/dji_fly_20250413_162614_320_1744554381486_photo_optimized-1024x885.jpg 1024w, https:\/\/first-responder.at\/wp-content\/uploads\/2025\/04\/dji_fly_20250413_162614_320_1744554381486_photo_optimized-300x259.jpg 300w, https:\/\/first-responder.at\/wp-content\/uploads\/2025\/04\/dji_fly_20250413_162614_320_1744554381486_photo_optimized-768x664.jpg 768w, https:\/\/first-responder.at\/wp-content\/uploads\/2025\/04\/dji_fly_20250413_162614_320_1744554381486_photo_optimized-1536x1327.jpg 1536w, https:\/\/first-responder.at\/wp-content\/uploads\/2025\/04\/dji_fly_20250413_162614_320_1744554381486_photo_optimized-2048x1770.jpg 2048w\" sizes=\"auto, (max-width: 1024px) 100vw, 1024px\" \/><\/a><figcaption class=\"wp-element-caption\">Luftaufnahme<br>Team und Fahrzeug<\/figcaption><\/figure>\n\n\n\n<figure class=\"wp-block-image size-large\"><a href=\"https:\/\/first-responder.at\/wp-content\/uploads\/2025\/05\/IMG_3617.jpg\"><img loading=\"lazy\" decoding=\"async\" width=\"768\" height=\"1024\" data-id=\"309\" src=\"https:\/\/first-responder.at\/wp-content\/uploads\/2025\/05\/IMG_3617-768x1024.jpg\" alt=\"\" class=\"wp-image-309\" srcset=\"https:\/\/first-responder.at\/wp-content\/uploads\/2025\/05\/IMG_3617-768x1024.jpg 768w, https:\/\/first-responder.at\/wp-content\/uploads\/2025\/05\/IMG_3617-225x300.jpg 225w, https:\/\/first-responder.at\/wp-content\/uploads\/2025\/05\/IMG_3617-1152x1536.jpg 1152w, https:\/\/first-responder.at\/wp-content\/uploads\/2025\/05\/IMG_3617-1536x2048.jpg 1536w, https:\/\/first-responder.at\/wp-content\/uploads\/2025\/05\/IMG_3617.jpg 1618w\" sizes=\"auto, (max-width: 768px) 100vw, 768px\" \/><\/a><figcaption class=\"wp-element-caption\">Vereinsobmann<br>Dr. Ingmar H\u00f6ppner<\/figcaption><\/figure>\n\n\n\n<figure class=\"wp-block-image size-large\"><a href=\"https:\/\/first-responder.at\/wp-content\/uploads\/2025\/05\/IMG_3641.jpg\"><img loading=\"lazy\" decoding=\"async\" width=\"768\" height=\"1024\" data-id=\"325\" src=\"https:\/\/first-responder.at\/wp-content\/uploads\/2025\/05\/IMG_3641-768x1024.jpg\" alt=\"\" class=\"wp-image-325\" srcset=\"https:\/\/first-responder.at\/wp-content\/uploads\/2025\/05\/IMG_3641-768x1024.jpg 768w, https:\/\/first-responder.at\/wp-content\/uploads\/2025\/05\/IMG_3641-225x300.jpg 225w, https:\/\/first-responder.at\/wp-content\/uploads\/2025\/05\/IMG_3641.jpg 894w\" sizes=\"auto, (max-width: 768px) 100vw, 768px\" \/><\/a><figcaption class=\"wp-element-caption\">Vereinsobmann<br>Dr. Ingmar H\u00f6ppner<br>Portr\u00e4tfoto HD<\/figcaption><\/figure>\n\n\n\n<figure class=\"wp-block-image size-large\"><a href=\"https:\/\/first-responder.at\/wp-content\/uploads\/2025\/05\/IMG_3638-scaled.jpg\"><img loading=\"lazy\" decoding=\"async\" width=\"805\" height=\"1024\" data-id=\"312\" src=\"https:\/\/first-responder.at\/wp-content\/uploads\/2025\/05\/IMG_3638-805x1024.jpg\" alt=\"\" class=\"wp-image-312\" srcset=\"https:\/\/first-responder.at\/wp-content\/uploads\/2025\/05\/IMG_3638-805x1024.jpg 805w, https:\/\/first-responder.at\/wp-content\/uploads\/2025\/05\/IMG_3638-236x300.jpg 236w, https:\/\/first-responder.at\/wp-content\/uploads\/2025\/05\/IMG_3638-768x977.jpg 768w, https:\/\/first-responder.at\/wp-content\/uploads\/2025\/05\/IMG_3638-1207x1536.jpg 1207w, https:\/\/first-responder.at\/wp-content\/uploads\/2025\/05\/IMG_3638-1610x2048.jpg 1610w, https:\/\/first-responder.at\/wp-content\/uploads\/2025\/05\/IMG_3638-scaled.jpg 2012w\" sizes=\"auto, (max-width: 805px) 100vw, 805px\" \/><\/a><figcaption class=\"wp-element-caption\">Reanimations-Coaching<\/figcaption><\/figure>\n\n\n\n<figure class=\"wp-block-image size-large\"><a href=\"https:\/\/first-responder.at\/wp-content\/uploads\/2025\/10\/IMG_9728-scaled.jpg\"><img loading=\"lazy\" decoding=\"async\" width=\"1024\" height=\"756\" data-id=\"399\" src=\"https:\/\/first-responder.at\/wp-content\/uploads\/2025\/10\/IMG_9728-1024x756.jpg\" alt=\"\" class=\"wp-image-399\" srcset=\"https:\/\/first-responder.at\/wp-content\/uploads\/2025\/10\/IMG_9728-1024x756.jpg 1024w, https:\/\/first-responder.at\/wp-content\/uploads\/2025\/10\/IMG_9728-300x221.jpg 300w, https:\/\/first-responder.at\/wp-content\/uploads\/2025\/10\/IMG_9728-768x567.jpg 768w, https:\/\/first-responder.at\/wp-content\/uploads\/2025\/10\/IMG_9728-1536x1134.jpg 1536w, https:\/\/first-responder.at\/wp-content\/uploads\/2025\/10\/IMG_9728-2048x1512.jpg 2048w\" sizes=\"auto, (max-width: 1024px) 100vw, 1024px\" \/><\/a><figcaption class=\"wp-element-caption\">Reanimations-Coaching<\/figcaption><\/figure>\n\n\n\n<figure class=\"wp-block-image size-large\"><a href=\"https:\/\/first-responder.at\/wp-content\/uploads\/2025\/10\/IMG_0976-2-scaled.jpg\"><img loading=\"lazy\" decoding=\"async\" width=\"1024\" height=\"883\" data-id=\"400\" src=\"https:\/\/first-responder.at\/wp-content\/uploads\/2025\/10\/IMG_0976-2-1024x883.jpg\" alt=\"\" class=\"wp-image-400\" srcset=\"https:\/\/first-responder.at\/wp-content\/uploads\/2025\/10\/IMG_0976-2-1024x883.jpg 1024w, https:\/\/first-responder.at\/wp-content\/uploads\/2025\/10\/IMG_0976-2-300x259.jpg 300w, https:\/\/first-responder.at\/wp-content\/uploads\/2025\/10\/IMG_0976-2-768x662.jpg 768w, https:\/\/first-responder.at\/wp-content\/uploads\/2025\/10\/IMG_0976-2-1536x1325.jpg 1536w, https:\/\/first-responder.at\/wp-content\/uploads\/2025\/10\/IMG_0976-2-2048x1766.jpg 2048w\" sizes=\"auto, (max-width: 1024px) 100vw, 1024px\" \/><\/a><figcaption class=\"wp-element-caption\">Reanimations-Coaching<\/figcaption><\/figure>\n\n\n\n<figure class=\"wp-block-image size-large\"><a href=\"https:\/\/first-responder.at\/wp-content\/uploads\/2025\/05\/IMG_3628.jpg\"><img loading=\"lazy\" decoding=\"async\" width=\"846\" height=\"1024\" data-id=\"313\" src=\"https:\/\/first-responder.at\/wp-content\/uploads\/2025\/05\/IMG_3628-846x1024.jpg\" alt=\"\" class=\"wp-image-313\" srcset=\"https:\/\/first-responder.at\/wp-content\/uploads\/2025\/05\/IMG_3628-846x1024.jpg 846w, https:\/\/first-responder.at\/wp-content\/uploads\/2025\/05\/IMG_3628-248x300.jpg 248w, https:\/\/first-responder.at\/wp-content\/uploads\/2025\/05\/IMG_3628-768x929.jpg 768w, https:\/\/first-responder.at\/wp-content\/uploads\/2025\/05\/IMG_3628-1270x1536.jpg 1270w, https:\/\/first-responder.at\/wp-content\/uploads\/2025\/05\/IMG_3628-1693x2048.jpg 1693w, https:\/\/first-responder.at\/wp-content\/uploads\/2025\/05\/IMG_3628.jpg 1730w\" sizes=\"auto, (max-width: 846px) 100vw, 846px\" \/><\/a><figcaption class=\"wp-element-caption\">Defibrillator-Training<\/figcaption><\/figure>\n\n\n\n<figure class=\"wp-block-image size-large\"><a href=\"https:\/\/first-responder.at\/wp-content\/uploads\/2025\/04\/FRNOe-Logo-Kopie.jpg\"><img loading=\"lazy\" decoding=\"async\" width=\"1024\" height=\"1024\" data-id=\"194\" src=\"https:\/\/first-responder.at\/wp-content\/uploads\/2025\/04\/FRNOe-Logo-Kopie-1024x1024.jpg\" alt=\"\" class=\"wp-image-194\" srcset=\"https:\/\/first-responder.at\/wp-content\/uploads\/2025\/04\/FRNOe-Logo-Kopie-1024x1024.jpg 1024w, https:\/\/first-responder.at\/wp-content\/uploads\/2025\/04\/FRNOe-Logo-Kopie-300x300.jpg 300w, https:\/\/first-responder.at\/wp-content\/uploads\/2025\/04\/FRNOe-Logo-Kopie-150x150.jpg 150w, https:\/\/first-responder.at\/wp-content\/uploads\/2025\/04\/FRNOe-Logo-Kopie-768x768.jpg 768w, https:\/\/first-responder.at\/wp-content\/uploads\/2025\/04\/FRNOe-Logo-Kopie.jpg 1200w\" sizes=\"auto, (max-width: 1024px) 100vw, 1024px\" \/><\/a><figcaption class=\"wp-element-caption\">Vereinslogo hochaufl\u00f6send CMYK 300dpi<\/figcaption><\/figure>\n\n\n\n<figure class=\"wp-block-image size-large\"><a href=\"https:\/\/first-responder.at\/wp-content\/uploads\/2025\/04\/IMG_3041-scaled.jpg\"><img loading=\"lazy\" decoding=\"async\" width=\"1024\" height=\"768\" data-id=\"207\" src=\"https:\/\/first-responder.at\/wp-content\/uploads\/2025\/04\/IMG_3041-1024x768.jpg\" alt=\"\" class=\"wp-image-207\" srcset=\"https:\/\/first-responder.at\/wp-content\/uploads\/2025\/04\/IMG_3041-1024x768.jpg 1024w, https:\/\/first-responder.at\/wp-content\/uploads\/2025\/04\/IMG_3041-300x225.jpg 300w, https:\/\/first-responder.at\/wp-content\/uploads\/2025\/04\/IMG_3041-768x576.jpg 768w, https:\/\/first-responder.at\/wp-content\/uploads\/2025\/04\/IMG_3041-1536x1152.jpg 1536w, https:\/\/first-responder.at\/wp-content\/uploads\/2025\/04\/IMG_3041-2048x1536.jpg 2048w\" sizes=\"auto, (max-width: 1024px) 100vw, 1024px\" \/><\/a><figcaption class=\"wp-element-caption\">Erste-Hilfe-Kurs Setting 2<\/figcaption><\/figure>\n<\/figure>\n\n\n\n<br>\n\n\n\n<br>\n<br>\n\n\n\n<h2 class=\"wp-block-heading\">PRESSE-AUSSENDUNGEN<\/h2>\n\n\n\n<hr class=\"wp-block-separator has-alpha-channel-opacity\"\/>\n\n\n\n<p><\/p>\n\n\n\n<div data-wp-interactive=\"core\/file\" class=\"wp-block-file\"><object data-wp-bind--hidden=\"!state.hasPdfPreview\" hidden class=\"wp-block-file__embed\" data=\"https:\/\/first-responder.at\/wp-content\/uploads\/2025\/10\/20250506_Presseinformation-First-Responder.pdf\" type=\"application\/pdf\" style=\"width:100%;height:310px\" aria-label=\"Einbettung von 20250506_Presseinformation First Responder.\"><\/object><a id=\"wp-block-file--media-26446d78-3793-431d-8cc8-151b27a2c115\" href=\"https:\/\/first-responder.at\/wp-content\/uploads\/2025\/10\/20250506_Presseinformation-First-Responder.pdf\">20250506_Presseinformation First Responder<\/a><a href=\"https:\/\/first-responder.at\/wp-content\/uploads\/2025\/10\/20250506_Presseinformation-First-Responder.pdf\" class=\"wp-block-file__button wp-element-button\" download aria-describedby=\"wp-block-file--media-26446d78-3793-431d-8cc8-151b27a2c115\">Herunterladen<\/a><\/div>\n\n\n\n<div data-wp-interactive=\"core\/file\" class=\"wp-block-file\"><object data-wp-bind--hidden=\"!state.hasPdfPreview\" hidden class=\"wp-block-file__embed\" data=\"https:\/\/first-responder.at\/wp-content\/uploads\/2025\/09\/20250806_Presseinformation-Gesundheitsplan_First-Responder.pdf\" type=\"application\/pdf\" style=\"width:100%;height:300px\" aria-label=\"Einbettung von 20250806_Presseinformation Gesundheitsplan_First Responder.\"><\/object><a id=\"wp-block-file--media-976b3b84-a230-428e-8410-93c2de2f9405\" href=\"https:\/\/first-responder.at\/wp-content\/uploads\/2025\/09\/20250806_Presseinformation-Gesundheitsplan_First-Responder.pdf\">20250806_Presseinformation Gesundheitsplan_First Responder<\/a><a href=\"https:\/\/first-responder.at\/wp-content\/uploads\/2025\/09\/20250806_Presseinformation-Gesundheitsplan_First-Responder.pdf\" class=\"wp-block-file__button wp-element-button\" download aria-describedby=\"wp-block-file--media-976b3b84-a230-428e-8410-93c2de2f9405\">Herunterladen<\/a><\/div>\n\n\n\n<div data-wp-interactive=\"core\/file\" class=\"wp-block-file\"><object data-wp-bind--hidden=\"!state.hasPdfPreview\" hidden class=\"wp-block-file__embed\" data=\"https:\/\/first-responder.at\/wp-content\/uploads\/2025\/09\/13092025_Presseaussedung-Zivilschutztag.pdf\" type=\"application\/pdf\" style=\"width:100%;height:270px\" aria-label=\"Einbettung von 13092025_Presseaussendung Zivilschutztag.\"><\/object><a id=\"wp-block-file--media-8e83667b-fc15-4c7e-843f-6adc4d4dcc47\" href=\"https:\/\/first-responder.at\/wp-content\/uploads\/2025\/09\/13092025_Presseaussedung-Zivilschutztag.pdf\">13092025_Presseaussendung Zivilschutztag<\/a><a href=\"https:\/\/first-responder.at\/wp-content\/uploads\/2025\/09\/13092025_Presseaussedung-Zivilschutztag.pdf\" class=\"wp-block-file__button wp-element-button\" download aria-describedby=\"wp-block-file--media-8e83667b-fc15-4c7e-843f-6adc4d4dcc47\">Herunterladen<\/a><\/div>\n\n\n\n<div data-wp-interactive=\"core\/file\" class=\"wp-block-file\"><object data-wp-bind--hidden=\"!state.hasPdfPreview\" hidden class=\"wp-block-file__embed\" data=\"https:\/\/first-responder.at\/wp-content\/uploads\/2025\/10\/30092025_Presseinfo_Zivilschutztag.pdf\" type=\"application\/pdf\" style=\"width:100%;height:270px\" aria-label=\"Einbettung von 30092025_Presseinfo_Zivilschutztag.\"><\/object><a id=\"wp-block-file--media-c2eed735-4d37-4f17-9f31-f89553441ff7\" href=\"https:\/\/first-responder.at\/wp-content\/uploads\/2025\/10\/30092025_Presseinfo_Zivilschutztag.pdf\">30092025_Presseinfo_Zivilschutztag<\/a><a href=\"https:\/\/first-responder.at\/wp-content\/uploads\/2025\/10\/30092025_Presseinfo_Zivilschutztag.pdf\" class=\"wp-block-file__button wp-element-button\" download aria-describedby=\"wp-block-file--media-c2eed735-4d37-4f17-9f31-f89553441ff7\">Herunterladen<\/a><\/div>\n","protected":false},"excerpt":{"rendered":"<p>MEDIENBETREUUNG F\u00fcr Anfragen oder R\u00fcckfragen steht Ihnen Mag. Sandra Bergholz als Ansprechpartnerin zur Verf\u00fcgung. Telefon: +43 670 3580979 Email Pressestelle \/ Medienservice MEDIENVERTEILER M\u00f6chten Sie \u00fcber unsere Presseaussendungen informiert werden? MEDIATHEK Diese Fotos k\u00f6nnen jederzeit honorarfrei und auch gerne ohne Angaben der Quelle f\u00fcr s\u00e4mtliche Printmedien, Onlinemedien oder TV-Sender verwendet werden. Urheber aller Fotos und [&hellip;]<\/p>\n","protected":false},"author":2,"featured_media":194,"parent":0,"menu_order":0,"comment_status":"closed","ping_status":"closed","template":"","meta":{"footnotes":""},"class_list":["post-214","page","type-page","status-publish","has-post-thumbnail","hentry"],"_links":{"self":[{"href":"https:\/\/first-responder.at\/index.php?rest_route=\/wp\/v2\/pages\/214","targetHints":{"allow":["GET"]}}],"collection":[{"href":"https:\/\/first-responder.at\/index.php?rest_route=\/wp\/v2\/pages"}],"about":[{"href":"https:\/\/first-responder.at\/index.php?rest_route=\/wp\/v2\/types\/page"}],"author":[{"embeddable":true,"href":"https:\/\/first-responder.at\/index.php?rest_route=\/wp\/v2\/users\/2"}],"replies":[{"embeddable":true,"href":"https:\/\/first-responder.at\/index.php?rest_route=%2Fwp%2Fv2%2Fcomments&post=214"}],"version-history":[{"count":34,"href":"https:\/\/first-responder.at\/index.php?rest_route=\/wp\/v2\/pages\/214\/revisions"}],"predecessor-version":[{"id":415,"href":"https:\/\/first-responder.at\/index.php?rest_route=\/wp\/v2\/pages\/214\/revisions\/415"}],"wp:featuredmedia":[{"embeddable":true,"href":"https:\/\/first-responder.at\/index.php?rest_route=\/wp\/v2\/media\/194"}],"wp:attachment":[{"href":"https:\/\/first-responder.at\/index.php?rest_route=%2Fwp%2Fv2%2Fmedia&parent=214"}],"curies":[{"name":"wp","href":"https:\/\/api.w.org\/{rel}","templated":true}]}}